{"id":113,"date":"2025-01-16T20:19:09","date_gmt":"2025-01-16T19:19:09","guid":{"rendered":"https:\/\/abp-avocatalacour.com\/?page_id=113"},"modified":"2025-01-23T22:01:18","modified_gmt":"2025-01-23T21:01:18","slug":"contact","status":"publish","type":"page","link":"https:\/\/abp-avocatalacour.com\/index.php\/contact\/","title":{"rendered":"Contact"},"content":{"rendered":"\n<blockquote class=\"wp-block-quote is-layout-flow wp-block-quote-is-layout-flow gtfy-2\">\n<h2 class=\"wp-block-heading gtfy-1\">Avocat \u00e0 la Cour d&rsquo;Appel de Metz<\/h2>\n<\/blockquote>\n\n\n\n<h2 class=\"wp-block-heading has-cyan-bluish-gray-color has-text-color has-link-color wp-elements-9f0a636b89b78aa02683896162f038c2 gtfy-6\">_________________________________________________________________________<\/h2>\n\n\n\n<div class=\"wp-block-media-text is-stacked-on-mobile gtfy-16\" style=\"grid-template-columns:33% auto\"><figure class=\"wp-block-media-text__media\"><img loading=\"lazy\" decoding=\"async\" width=\"579\" height=\"325\" src=\"https:\/\/abp-avocatalacour.com\/wp-content\/uploads\/2025\/01\/ABP-5-1.jpg\" alt=\"\" class=\"wp-image-10 size-full\" srcset=\"https:\/\/abp-avocatalacour.com\/wp-content\/uploads\/2025\/01\/ABP-5-1.jpg 579w, https:\/\/abp-avocatalacour.com\/wp-content\/uploads\/2025\/01\/ABP-5-1-300x168.jpg 300w\" sizes=\"auto, (max-width: 579px) 100vw, 579px\" \/><\/figure><div class=\"wp-block-media-text__content\">\n<p class=\"has-text-align-left has-medium-font-size gtfy-10\">Le Cabinet est ouvert du lundi au vendredi<\/p>\n\n\n\n<p class=\"gtfy-11\">Lundi Mardi de 9h<strong> <\/strong>\u00e0 13h &#8211; de 14h \u00e0 17h<\/p>\n\n\n\n<p class=\"gtfy-12\">Mercredi de 9h \u00e0 12h<\/p>\n\n\n\n<p class=\"gtfy-13\">Jeudi de 9h \u00e0 13h &#8211; de 14h \u00e0 17h<\/p>\n\n\n\n<p class=\"gtfy-14\">Vendredi de 9h \u00e0 13h<\/p>\n\n\n\n<p class=\"gtfy-15\">( Consultation sur Rendez-vous )<\/p>\n<\/div><\/div>\n\n\n\n<div class=\"wp-block-media-text is-stacked-on-mobile gtfy-22\" style=\"grid-template-columns:33% auto\"><figure class=\"wp-block-media-text__media\"><img loading=\"lazy\" decoding=\"async\" width=\"867\" height=\"804\" src=\"https:\/\/abp-avocatalacour.com\/wp-content\/uploads\/2025\/01\/183320.png\" alt=\"\" class=\"wp-image-720 size-full\" srcset=\"https:\/\/abp-avocatalacour.com\/wp-content\/uploads\/2025\/01\/183320.png 867w, https:\/\/abp-avocatalacour.com\/wp-content\/uploads\/2025\/01\/183320-300x278.png 300w, https:\/\/abp-avocatalacour.com\/wp-content\/uploads\/2025\/01\/183320-768x712.png 768w\" sizes=\"auto, (max-width: 867px) 100vw, 867px\" \/><\/figure><div class=\"wp-block-media-text__content\">\n<p class=\"gtfy-20\"><strong>Accueil +33 (0)3 87 17 10 11<\/strong><\/p>\n\n\n\n<p class=\"gtfy-21\"><a href=\"mailto:agnesbiverpate@wanadoo.fr\">agnesbiverpate@wanadoo.fr<\/a><\/p>\n<\/div><\/div>\n\n\n\n<p class=\"gtfy-26\"><\/p>\n","protected":false},"excerpt":{"rendered":"<p>Avocat \u00e0 la Cour d&rsquo;Appel de Metz _________________________________________________________________________ Le Cabinet est ouvert du lundi au vendredi Lundi Mardi de 9h \u00e0 13h &#8211; de 14h \u00e0 17h Mercredi de 9h \u00e0 12h Jeudi de 9h \u00e0 13h &#8211; de 14h \u00e0 17h Vendredi de 9h \u00e0 13h ( Consultation sur Rendez-vous ) Accueil +33 (0)3 [&hellip;]<\/p>\n","protected":false},"author":1,"featured_media":0,"parent":0,"menu_order":0,"comment_status":"closed","ping_status":"closed","template":"","meta":{"gutenify_custom_css":"","gutenify_custom_css_data":"","footnotes":""},"class_list":["post-113","page","type-page","status-publish","hentry"],"_links":{"self":[{"href":"https:\/\/abp-avocatalacour.com\/index.php\/wp-json\/wp\/v2\/pages\/113","targetHints":{"allow":["GET"]}}],"collection":[{"href":"https:\/\/abp-avocatalacour.com\/index.php\/wp-json\/wp\/v2\/pages"}],"about":[{"href":"https:\/\/abp-avocatalacour.com\/index.php\/wp-json\/wp\/v2\/types\/page"}],"author":[{"embeddable":true,"href":"https:\/\/abp-avocatalacour.com\/index.php\/wp-json\/wp\/v2\/users\/1"}],"replies":[{"embeddable":true,"href":"https:\/\/abp-avocatalacour.com\/index.php\/wp-json\/wp\/v2\/comments?post=113"}],"version-history":[{"count":23,"href":"https:\/\/abp-avocatalacour.com\/index.php\/wp-json\/wp\/v2\/pages\/113\/revisions"}],"predecessor-version":[{"id":724,"href":"https:\/\/abp-avocatalacour.com\/index.php\/wp-json\/wp\/v2\/pages\/113\/revisions\/724"}],"wp:attachment":[{"href":"https:\/\/abp-avocatalacour.com\/index.php\/wp-json\/wp\/v2\/media?parent=113"}],"curies":[{"name":"wp","href":"https:\/\/api.w.org\/{rel}","templated":true}]}}