{"id":143,"date":"2025-01-16T22:13:29","date_gmt":"2025-01-16T21:13:29","guid":{"rendered":"https:\/\/abp-avocatalacour.com\/?page_id=143"},"modified":"2025-01-22T21:55:14","modified_gmt":"2025-01-22T20:55:14","slug":"liens-utiles-2","status":"publish","type":"page","link":"https:\/\/abp-avocatalacour.com\/index.php\/liens-utiles-2\/","title":{"rendered":"Liens Utiles"},"content":{"rendered":"\n<div class=\"wp-block-columns is-layout-flex wp-container-core-columns-is-layout-9d6595d7 wp-block-columns-is-layout-flex gtfy-9\">\n<div class=\"wp-block-column is-layout-flow wp-block-column-is-layout-flow gtfy-3\" style=\"flex-basis:33.34%\">\n<details class=\"wp-block-details is-layout-flow wp-block-details-is-layout-flow gtfy-2\"><summary>Coordonn\u00e9es Palais de Justice<br>3, rue Haute Pierre<br>B.P. 80225<br>57005 METZ cedex 01<br><\/summary>\n<p class=\"gtfy-1\"><\/p>\n<\/details>\n<\/div>\n\n\n\n<div class=\"wp-block-column is-layout-flow wp-block-column-is-layout-flow gtfy-6\" style=\"flex-basis:33.34%\">\n<details class=\"wp-block-details is-layout-flow wp-block-details-is-layout-flow gtfy-5\"><summary>Contact<br>TEL : 03.87.76.16.00<br>FAX : 03.87.74.43.10<br><strong>R\u00e9ception t\u00e9l\u00e9phonique                    08h30 \u00e0 12h00<\/strong><\/summary>\n<p class=\"gtfy-4\"><\/p>\n<\/details>\n<\/div>\n\n\n\n<div class=\"wp-block-column is-layout-flow wp-block-column-is-layout-flow gtfy-8\" style=\"flex-basis:33.33%\">\n<figure class=\"wp-block-image size-large gtfy-7\"><img loading=\"lazy\" decoding=\"async\" width=\"1024\" height=\"768\" src=\"http:\/\/abp-avocatalacour.com\/wp-content\/uploads\/2025\/01\/SNC11820-1024x768.jpg\" alt=\"\" class=\"wp-image-288\" style=\"aspect-ratio:16\/9;object-fit:cover\" srcset=\"https:\/\/abp-avocatalacour.com\/wp-content\/uploads\/2025\/01\/SNC11820-1024x768.jpg 1024w, https:\/\/abp-avocatalacour.com\/wp-content\/uploads\/2025\/01\/SNC11820-300x225.jpg 300w, https:\/\/abp-avocatalacour.com\/wp-content\/uploads\/2025\/01\/SNC11820-768x576.jpg 768w, https:\/\/abp-avocatalacour.com\/wp-content\/uploads\/2025\/01\/SNC11820-1536x1152.jpg 1536w, https:\/\/abp-avocatalacour.com\/wp-content\/uploads\/2025\/01\/SNC11820-2048x1536.jpg 2048w\" sizes=\"auto, (max-width: 1024px) 100vw, 1024px\" \/><\/figure>\n<\/div>\n<\/div>\n\n\n\n<blockquote class=\"wp-block-quote is-layout-flow wp-block-quote-is-layout-flow gtfy-14\">\n<p class=\"gtfy-13\">M\u00e9diation<\/p>\n<\/blockquote>\n\n\n\n<p class=\"gtfy-18\">La m\u00e9diation est un processus structur\u00e9 par lequel des personnes oppos\u00e9es, dans le cadre d\u2019un conflit ou d\u2019un diff\u00e9rend n\u00e9 ou \u00e0 na\u00eetre, tentent volontairement de parvenir \u00e0 leur propre solution amiable sous l\u2019\u00e9gide d\u2019un tiers neutre, impartial et ind\u00e9pendant, appel\u00e9 m\u00e9diateur, form\u00e9 sp\u00e9cialement \u00e0 cet effet.<\/p>\n\n\n\n<p class=\"gtfy-22\">Elle peut intervenir dans tous les domaines du droit et s\u2019appliquer \u00e0 tous types de litiges.<\/p>\n\n\n\n<p class=\"gtfy-26\">Toutes les informations sont disponibles <a href=\"https:\/\/www.avocats-metz.com\/mediation-ordre-avocat-metz.php\" target=\"_blank\" rel=\"noreferrer noopener\">ici<\/a> .<\/p>\n\n\n\n<div class=\"wp-block-columns is-layout-flex wp-container-core-columns-is-layout-9d6595d7 wp-block-columns-is-layout-flex gtfy-33\">\n<div class=\"wp-block-column is-layout-flow wp-block-column-is-layout-flow gtfy-32\">\n<ul class=\"wp-block-list gtfy-31\">\n<li class=\"gtfy-30\"><a href=\"https:\/\/www.avocats-metz.com\/mediation-ordre-avocat-metz.php\" target=\"_blank\" rel=\"noreferrer noopener\">https:\/\/www.avocats-metz.com\/mediation-ordre-avocat-metz.php<\/a><\/li>\n<\/ul>\n<\/div>\n<\/div>\n\n\n\n<blockquote class=\"wp-block-quote is-layout-flow wp-block-quote-is-layout-flow gtfy-38\">\n<p class=\"gtfy-37\">Aide Juridictionnelle<\/p>\n<\/blockquote>\n\n\n\n<div class=\"wp-block-columns is-layout-flex wp-container-core-columns-is-layout-9d6595d7 wp-block-columns-is-layout-flex gtfy-50\">\n<div class=\"wp-block-column is-layout-flow wp-block-column-is-layout-flow gtfy-49\" style=\"flex-basis:100%\">\n<p class=\"gtfy-42\">Si vos ressources financi\u00e8res sont insuffisantes pour&nbsp;d\u00e9fendre vos droits devant la justice, vous pouvez b\u00e9n\u00e9ficier de la prise en charge totale ou partielle de vos frais de justice.<\/p>\n\n\n\n<p class=\"gtfy-43\">Informations et Formulaires disponibles <a href=\"https:\/\/www.justice.fr\/simulateurs\/aide-juridictionnelle\" data-type=\"link\" data-id=\"https:\/\/www.justice.fr\/simulateurs\/aide-juridictionnelle\" target=\"_blank\" rel=\"noreferrer noopener\">ici<\/a><\/p>\n\n\n\n<p class=\"gtfy-44\"><a href=\"https:\/\/www.justice.fr\/simulateurs\/aide-juridictionnelle\/bareme\" target=\"_blank\" rel=\"noreferrer noopener\">https:\/\/www.justice.fr\/simulateurs\/aide-juridictionnelle\/bareme<\/a><\/p>\n\n\n\n<p class=\"gtfy-45\"><a href=\"https:\/\/www.justice.fr\/simulateurs\/aide-juridictionnelle\" target=\"_blank\" rel=\"noreferrer noopener\">https:\/\/www.justice.fr\/simulateurs\/aide-juridictionnelle<\/a><\/p>\n\n\n\n<blockquote class=\"wp-block-quote is-layout-flow wp-block-quote-is-layout-flow gtfy-48\">\n<p class=\"gtfy-46\">Timbre Fiscal<\/p>\n\n\n\n<p class=\"gtfy-47\"><a href=\"https:\/\/www.timbre.justice.gouv.fr\/pages\/achat\/choixTimbres.jsp\" target=\"_blank\" rel=\"noreferrer noopener\">Acheter votre Timbre Fiscal<\/a><\/p>\n<\/blockquote>\n<\/div>\n<\/div>\n\n\n\n<blockquote class=\"wp-block-quote is-layout-flow wp-block-quote-is-layout-flow gtfy-55\">\n<p class=\"gtfy-54\">Site de la Cour d&rsquo;Appel de METZ<\/p>\n<\/blockquote>\n\n\n\n<p class=\"gtfy-59\"><a href=\"https:\/\/www.cours-appel.justice.fr\/metz\" data-type=\"link\" data-id=\"https:\/\/www.cours-appel.justice.fr\/metz\" target=\"_blank\" rel=\"noreferrer noopener\">https:\/\/www.cours-appel.justice.fr\/metz<\/a><\/p>\n\n\n\n<blockquote class=\"wp-block-quote is-layout-flow wp-block-quote-is-layout-flow gtfy-64\">\n<p class=\"gtfy-63\">D\u00e9marches Administratives en ligne et Informations<\/p>\n<\/blockquote>\n\n\n\n<p class=\"gtfy-68\"><a href=\"https:\/\/www.service-public.fr\" target=\"_blank\" rel=\"noreferrer noopener\">Service Public<\/a><\/p>\n\n\n\n<blockquote class=\"wp-block-quote is-layout-flow wp-block-quote-is-layout-flow gtfy-74\">\n<p class=\"gtfy-72\">Plateforme Doctrine<\/p>\n\n\n\n<p class=\"gtfy-73\"><a href=\"https:\/\/www.doctrine.fr\/p\/avocat\/L334D7B267450180A9B6E\" target=\"_blank\" rel=\"noreferrer noopener\">https:\/\/www.doctrine.fr\/p\/avocat\/L334D7B267450180A9B6E<\/a><\/p>\n<\/blockquote>\n\n\n\n<blockquote class=\"wp-block-quote is-layout-flow wp-block-quote-is-layout-flow gtfy-80\">\n<p class=\"gtfy-78\">Justifit<\/p>\n\n\n\n<p class=\"gtfy-79\"><a href=\"https:\/\/www.justifit.fr\/avocats\/avocat-metz-57000-agnes-biver-pate-3061\/\">https:\/\/www.justifit.fr\/avocats\/avocat-metz-57000-agnes-biver-pate-3061\/<\/a><\/p>\n<\/blockquote>\n","protected":false},"excerpt":{"rendered":"<p>M\u00e9diation La m\u00e9diation est un processus structur\u00e9 par lequel des personnes oppos\u00e9es, dans le cadre d\u2019un conflit ou d\u2019un diff\u00e9rend n\u00e9 ou \u00e0 na\u00eetre, tentent volontairement de parvenir \u00e0 leur propre solution amiable sous l\u2019\u00e9gide d\u2019un tiers neutre, impartial et ind\u00e9pendant, appel\u00e9 m\u00e9diateur, form\u00e9 sp\u00e9cialement \u00e0 cet effet. Elle peut intervenir dans tous les domaines [&hellip;]<\/p>\n","protected":false},"author":1,"featured_media":0,"parent":0,"menu_order":0,"comment_status":"closed","ping_status":"closed","template":"","meta":{"gutenify_custom_css":"","gutenify_custom_css_data":"","footnotes":""},"class_list":["post-143","page","type-page","status-publish","hentry"],"_links":{"self":[{"href":"https:\/\/abp-avocatalacour.com\/index.php\/wp-json\/wp\/v2\/pages\/143","targetHints":{"allow":["GET"]}}],"collection":[{"href":"https:\/\/abp-avocatalacour.com\/index.php\/wp-json\/wp\/v2\/pages"}],"about":[{"href":"https:\/\/abp-avocatalacour.com\/index.php\/wp-json\/wp\/v2\/types\/page"}],"author":[{"embeddable":true,"href":"https:\/\/abp-avocatalacour.com\/index.php\/wp-json\/wp\/v2\/users\/1"}],"replies":[{"embeddable":true,"href":"https:\/\/abp-avocatalacour.com\/index.php\/wp-json\/wp\/v2\/comments?post=143"}],"version-history":[{"count":52,"href":"https:\/\/abp-avocatalacour.com\/index.php\/wp-json\/wp\/v2\/pages\/143\/revisions"}],"predecessor-version":[{"id":714,"href":"https:\/\/abp-avocatalacour.com\/index.php\/wp-json\/wp\/v2\/pages\/143\/revisions\/714"}],"wp:attachment":[{"href":"https:\/\/abp-avocatalacour.com\/index.php\/wp-json\/wp\/v2\/media?parent=143"}],"curies":[{"name":"wp","href":"https:\/\/api.w.org\/{rel}","templated":true}]}}