{"id":281,"date":"2025-01-17T14:13:39","date_gmt":"2025-01-17T13:13:39","guid":{"rendered":"https:\/\/abp-avocatalacour.com\/?page_id=281"},"modified":"2025-01-21T20:58:19","modified_gmt":"2025-01-21T19:58:19","slug":"mentions-legales","status":"publish","type":"page","link":"https:\/\/abp-avocatalacour.com\/index.php\/mentions-legales\/","title":{"rendered":"Mentions L\u00e9gales"},"content":{"rendered":"<p class=\"wp-block-site-tagline gtfy-1\">Avocat postulant \u00e0 la Cour d&#039;appel de Metz<\/p>\n\n\n<p class=\"gtfy-5\">L\u2019adresse de notre site est&nbsp;: https:\/\/abp-avocatalacour.com.<\/p>\n\n\n\n<blockquote class=\"wp-block-quote is-layout-flow wp-block-quote-is-layout-flow gtfy-10\">\n<p class=\"gtfy-9\">Mentions L\u00e9gales:<\/p>\n<\/blockquote>\n\n\n\n<p class=\"gtfy-14\">\u00c9diteur du site&nbsp;: Me Agn\u00e8s BIVER-PATE, Avocat \u00e0 la Cour (E.I), 2 ter, rue aux Ours 57&nbsp;000 METZ <\/p>\n\n\n\n<p class=\"gtfy-18\">t\u00e9l. 03 87 17 11 10.<\/p>\n\n\n\n<p class=\"gtfy-22\">N\u00b0 SIRET : &nbsp;38435258900061<\/p>\n\n\n\n<p class=\"gtfy-26\">Le site accessible \u00e0 l\u2019adresse : <a href=\"https:\/\/abp-avocatalacour.com\">https:\/\/abp-avocatalacour.com<\/a> est exploit\u00e9 dans le respect de la l\u00e9gislation fran\u00e7aise.<\/p>\n\n\n\n<p class=\"gtfy-30\">Limitation de responsabilit\u00e9&nbsp;: Les informations contenues sur ce site sont p\u00e9riodiquement remises \u00e0 jour, mais peuvent toutefois contenir des inexactitudes, des omissions ou des lacunes.<\/p>\n\n\n\n<p class=\"gtfy-34\">Les liens hypertextes mis en place dans le cadre du pr\u00e9sent site internet en direction d\u2019autres ressources pr\u00e9sentes sur le r\u00e9seau Internet ne sauraient engager la responsabilit\u00e9 de l\u2019\u00e9diteur ou du propri\u00e9taire du site.<\/p>\n\n\n\n<p class=\"gtfy-38\">Me Agn\u00e8s BIVER-PATE s\u2019engage \u00e0 ce que la collecte et le traitement des donn\u00e9es, effectu\u00e9s \u00e0 partir du site <a href=\"https:\/\/abp-avocatalacour.com\">https:\/\/abp-avocatalacour.com<\/a> soient conformes au r\u00e8glement g\u00e9n\u00e9ral sur la protection des donn\u00e9es (RGPD) et \u00e0 la loi Informatique et Libert\u00e9s.<\/p>\n\n\n\n<p class=\"gtfy-42\">En application de la loi Informatique et Libert\u00e9s du 6 janvier 1978, vous disposez d\u2019un droit d\u2019acc\u00e8s, de rectification, de modification et de suppression des donn\u00e9es qui vous concernent.<\/p>\n\n\n\n<p class=\"gtfy-46\">Vous pouvez exercer ce droit :<\/p>\n\n\n\n<ul class=\"wp-block-list gtfy-52\">\n<li class=\"gtfy-50\">par courriel <\/li>\n\n\n\n<li class=\"gtfy-51\">en envoyant un courrier \u00e0 : Me Agn\u00e8s BIVER-PATE, Avocat \u00e0 la Cour, 2 ter, rue aux Ours 57&nbsp;000 METZ<\/li>\n<\/ul>\n\n\n\n<p class=\"gtfy-56\">Les informations personnelles collect\u00e9es ne sont en aucun cas confi\u00e9es \u00e0 des tiers hormis pour l\u2019\u00e9ventuelle bonne ex\u00e9cution de la prestation sollicit\u00e9e.<\/p>\n\n\n\n<p class=\"gtfy-60\">Propri\u00e9t\u00e9 intellectuelle&nbsp;: Tout le contenu du pr\u00e9sent site, incluant, de fa\u00e7on non limitative, les graphismes, images, textes, vid\u00e9os, animations, sons, logos, gifs et ic\u00f4nes ainsi que leur mise en forme sont la propri\u00e9t\u00e9 exclusive de Me Agn\u00e8s BIVER-PATE, \u00e0 l\u2019exception des marques, logos ou contenus appartenant \u00e0 d\u2019autres soci\u00e9t\u00e9s partenaires ou auteurs.<\/p>\n\n\n\n<p class=\"gtfy-64\">Toute reproduction, distribution, modification, adaptation, retransmission ou publication, m\u00eame partielle, de ces diff\u00e9rents \u00e9l\u00e9ments est strictement interdite sans l\u2019accord expr\u00e8s et \u00e9crit du propri\u00e9taire du site.<\/p>\n\n\n\n<h5 class=\"wp-block-heading gtfy-68\">H\u00e9bergeur : SAS OVH<\/h5>\n\n\n\n<p class=\"gtfy-72\">RCS Lille M\u00e9tropole 424 761 419 00045<br>Code APE 2620Z<br>N\u00b0 TVA : FR 22 424 761 419<br>Si\u00e8ge social : 2 rue Kellermann &#8211; 59100 Roubaix &#8211; France   T\u00e9l. 1017<\/p>\n","protected":false},"excerpt":{"rendered":"<p>L\u2019adresse de notre site est&nbsp;: https:\/\/abp-avocatalacour.com. Mentions L\u00e9gales: \u00c9diteur du site&nbsp;: Me Agn\u00e8s BIVER-PATE, Avocat \u00e0 la Cour (E.I), 2 ter, rue aux Ours 57&nbsp;000 METZ t\u00e9l. 03 87 17 11 10. N\u00b0 SIRET : &nbsp;38435258900061 Le site accessible \u00e0 l\u2019adresse : https:\/\/abp-avocatalacour.com est exploit\u00e9 dans le respect de la l\u00e9gislation fran\u00e7aise. Limitation de responsabilit\u00e9&nbsp;: [&hellip;]<\/p>\n","protected":false},"author":1,"featured_media":0,"parent":0,"menu_order":0,"comment_status":"closed","ping_status":"closed","template":"","meta":{"gutenify_custom_css":"","gutenify_custom_css_data":"","footnotes":""},"class_list":["post-281","page","type-page","status-publish","hentry"],"_links":{"self":[{"href":"https:\/\/abp-avocatalacour.com\/index.php\/wp-json\/wp\/v2\/pages\/281","targetHints":{"allow":["GET"]}}],"collection":[{"href":"https:\/\/abp-avocatalacour.com\/index.php\/wp-json\/wp\/v2\/pages"}],"about":[{"href":"https:\/\/abp-avocatalacour.com\/index.php\/wp-json\/wp\/v2\/types\/page"}],"author":[{"embeddable":true,"href":"https:\/\/abp-avocatalacour.com\/index.php\/wp-json\/wp\/v2\/users\/1"}],"replies":[{"embeddable":true,"href":"https:\/\/abp-avocatalacour.com\/index.php\/wp-json\/wp\/v2\/comments?post=281"}],"version-history":[{"count":12,"href":"https:\/\/abp-avocatalacour.com\/index.php\/wp-json\/wp\/v2\/pages\/281\/revisions"}],"predecessor-version":[{"id":687,"href":"https:\/\/abp-avocatalacour.com\/index.php\/wp-json\/wp\/v2\/pages\/281\/revisions\/687"}],"wp:attachment":[{"href":"https:\/\/abp-avocatalacour.com\/index.php\/wp-json\/wp\/v2\/media?parent=281"}],"curies":[{"name":"wp","href":"https:\/\/api.w.org\/{rel}","templated":true}]}}