{"id":542,"date":"2025-01-19T13:22:58","date_gmt":"2025-01-19T12:22:58","guid":{"rendered":"https:\/\/abp-avocatalacour.com\/?page_id=542"},"modified":"2025-01-21T20:52:25","modified_gmt":"2025-01-21T19:52:25","slug":"lavocat-a-la-cour-en-moselle","status":"publish","type":"page","link":"https:\/\/abp-avocatalacour.com\/index.php\/lavocat-a-la-cour-en-moselle\/","title":{"rendered":"L&rsquo;Avocat \u00e0 la Cour en Moselle"},"content":{"rendered":"\n<p class=\"gtfy-1\">Devant les Cours d\u2019appel de Colmar et de Metz, seuls les avocats du barreau de la ville o\u00f9 si\u00e8ge la Cour et inscrits au tableau particulier des Avocats de cette Cour peuvent repr\u00e9senter les parties et effectuer les actes dans les proc\u00e9dures avec repr\u00e9sentation obligatoire.<\/p>\n\n\n\n<p class=\"gtfy-5\">Sp\u00e9cialistes de la proc\u00e9dure d\u2019appel, les Avocats \u00e0 la Cour ne peuvent pas intervenir devant les juridictions de 1<sup>i\u00e8re<\/sup> instance (Tribunal, Conseil de Prud\u2019hommes) puisque les avocats de 1<sup>\u00e8re<\/sup> Instance disposent du m\u00eame monopole devant le Tribunal judiciaire o\u00f9 ils sont inscrits.<\/p>\n\n\n\n<p class=\"gtfy-9\">L\u2019article 8 de la loi du 20 f\u00e9vrier 2022 sur l\u2019exercice de la profession d\u2019avocat et la discipline des barreaux dans les d\u00e9partements du Haut-Rhin, Bas-Rhin et Moselle dispose<\/p>\n\n\n\n<p class=\"gtfy-13\"><em>\u00ab&nbsp;Devant les tribunaux des d\u00e9partements de la Moselle du Bas-Rhin ou du Haut-Rhin, les avocats inscrits au tableau pr\u00e8s ces tribunaux sont admis \u00e0 repr\u00e9senter les parties, \u00e0 postuler, \u00e0 conclure et, d\u2019une mani\u00e8re g\u00e9n\u00e9rale, faire tous les actes de proc\u00e9dure. Ils exerceront ce droit de repr\u00e9sentation dans les conditions pr\u00e9vues par les lois locales dont les dispositions en cette mati\u00e8re sont maintenues en vigueur.<\/em><\/p>\n\n\n\n<p class=\"gtfy-17\"><em>\u00ab&nbsp;Les avocats inscrits au tableau des avocats de Colmar devront faire connaitre, par une d\u00e9claration qui sera port\u00e9e par le b\u00e2tonnier \u00e0 la connaissance du procureur g\u00e9n\u00e9ral, s\u2019ils entendent exercer le droit de repr\u00e9senter et de postuler devant la Cour d\u2019appel ou devant le tribunal de premi\u00e8re instance.&nbsp;\u00bb<\/em><\/p>\n\n\n\n<p class=\"gtfy-21\">La Cour d\u2019appel de Metz ayant \u00e9t\u00e9 supprim\u00e9e en 1870, ce texte ne fait r\u00e9f\u00e9rence qu\u2019\u00e0 la Cour d\u2019Appel de Colmar.<\/p>\n\n\n\n<p class=\"gtfy-25\">Apr\u00e8s plus de 100 ans d\u2019absence, la Cour d\u2019appel de Metz sera r\u00e9tablie en 1973.<\/p>\n\n\n\n<p class=\"gtfy-29\">Elle est, avec la Cour d\u2019appel de Bastia, la seule Cour d\u2019appel mono-d\u00e9partementale.<\/p>\n\n\n\n<p class=\"gtfy-33\"><strong>Le Droit Local<\/strong><\/p>\n\n\n\n<p class=\"gtfy-37\">Le droit local en Alsace et en Moselle est un r\u00e9gime juridique cr\u00e9\u00e9 en 1919, apr\u00e8s la fin de la Premi\u00e8re guerre mondiale, et qui s&rsquo;applique aux d\u00e9partements fran\u00e7ais du Bas-Rhin, du Haut-Rhin et de la Moselle.<\/p>\n\n\n\n<p class=\"gtfy-41\">Il est compos\u00e9 :<\/p>\n\n\n\n<p class=\"gtfy-45\">\u2013 de lois fran\u00e7aises d&rsquo;avant 1870, non abrog\u00e9es par l&rsquo;Empire allemand<\/p>\n\n\n\n<p class=\"gtfy-49\">\u2013 de lois allemandes adopt\u00e9es par l&rsquo;Empire allemand entre 1871 et 1918<\/p>\n\n\n\n<p class=\"gtfy-53\">\u2013 de dispositions propres \u00e0 l&rsquo;Alsace-Moselle<\/p>\n\n\n\n<p class=\"gtfy-57\">\u2013 de certaines lois fran\u00e7aises promulgu\u00e9es entre 1870 et 1918 et rendues applicables par la Loi du 1er juin 1924 mettant en vigueur la l\u00e9gislation civile fran\u00e7aise dans les d\u00e9partements du Bas-Rhin, du Haut-Rhin et de la Moselle<\/p>\n\n\n\n<p class=\"gtfy-61\">\u2013 des lois fran\u00e7aises intervenues apr\u00e8s 1918, sp\u00e9cifiques \u00e0 ces d\u00e9partements.<\/p>\n\n\n\n<p class=\"gtfy-65\">Le droit local concerne notamment&nbsp;:<\/p>\n\n\n\n<ul class=\"wp-block-list gtfy-81\">\n<li class=\"gtfy-69\">le droit du travail,<\/li>\n\n\n\n<li class=\"gtfy-70\">la s\u00e9curit\u00e9 sociale,<\/li>\n\n\n\n<li class=\"gtfy-71\">le droit des associations<\/li>\n\n\n\n<li class=\"gtfy-72\">les professions judiciaires<\/li>\n\n\n\n<li class=\"gtfy-73\">le notariat<\/li>\n\n\n\n<li class=\"gtfy-74\">la chasse<\/li>\n\n\n\n<li class=\"gtfy-75\">la publicit\u00e9 fonci\u00e8re et le livre foncier<\/li>\n\n\n\n<li class=\"gtfy-76\">les proc\u00e9dures d\u2019ex\u00e9cution forc\u00e9e immobili\u00e8re<\/li>\n\n\n\n<li class=\"gtfy-77\">les cultes<\/li>\n\n\n\n<li class=\"gtfy-78\">certaines proc\u00e9dures collectives<\/li>\n\n\n\n<li class=\"gtfy-79\">les successions<\/li>\n\n\n\n<li class=\"gtfy-80\">le droit des assurances.<\/li>\n<\/ul>\n\n\n\n<p class=\"gtfy-85\"><\/p>\n","protected":false},"excerpt":{"rendered":"<p>Devant les Cours d\u2019appel de Colmar et de Metz, seuls les avocats du barreau de la ville o\u00f9 si\u00e8ge la Cour et inscrits au tableau particulier des Avocats de cette Cour peuvent repr\u00e9senter les parties et effectuer les actes dans les proc\u00e9dures avec repr\u00e9sentation obligatoire. Sp\u00e9cialistes de la proc\u00e9dure d\u2019appel, les Avocats \u00e0 la Cour [&hellip;]<\/p>\n","protected":false},"author":1,"featured_media":0,"parent":0,"menu_order":0,"comment_status":"closed","ping_status":"closed","template":"","meta":{"gutenify_custom_css":"","gutenify_custom_css_data":"","footnotes":""},"class_list":["post-542","page","type-page","status-publish","hentry"],"_links":{"self":[{"href":"https:\/\/abp-avocatalacour.com\/index.php\/wp-json\/wp\/v2\/pages\/542","targetHints":{"allow":["GET"]}}],"collection":[{"href":"https:\/\/abp-avocatalacour.com\/index.php\/wp-json\/wp\/v2\/pages"}],"about":[{"href":"https:\/\/abp-avocatalacour.com\/index.php\/wp-json\/wp\/v2\/types\/page"}],"author":[{"embeddable":true,"href":"https:\/\/abp-avocatalacour.com\/index.php\/wp-json\/wp\/v2\/users\/1"}],"replies":[{"embeddable":true,"href":"https:\/\/abp-avocatalacour.com\/index.php\/wp-json\/wp\/v2\/comments?post=542"}],"version-history":[{"count":15,"href":"https:\/\/abp-avocatalacour.com\/index.php\/wp-json\/wp\/v2\/pages\/542\/revisions"}],"predecessor-version":[{"id":684,"href":"https:\/\/abp-avocatalacour.com\/index.php\/wp-json\/wp\/v2\/pages\/542\/revisions\/684"}],"wp:attachment":[{"href":"https:\/\/abp-avocatalacour.com\/index.php\/wp-json\/wp\/v2\/media?parent=542"}],"curies":[{"name":"wp","href":"https:\/\/api.w.org\/{rel}","templated":true}]}}